{"id":11,"date":"2024-01-18T15:25:27","date_gmt":"2024-01-18T14:25:27","guid":{"rendered":"https:\/\/zahnarztpraxis-laederach.ch\/?page_id=11"},"modified":"2026-02-16T13:34:01","modified_gmt":"2026-02-16T12:34:01","slug":"praxis","status":"publish","type":"page","link":"https:\/\/zahnarztpraxis-laederach.ch\/","title":{"rendered":"PRAXIS"},"content":{"rendered":"<h1 style=\"text-align: left;\">WIR BEGR\u00dcSSEN SIE HERZLICH IN UNSERER<\/h1>\n<h1>GANZHEITLICHEN FAMILIENZAHNARZTPRAXIS<\/h1>\n<h1>BEIM SCH\u00dcTZENMATTPARK IN BASEL<\/h1>\n<p>&nbsp;<\/p>\n<p data-start=\"82\" data-end=\"380\">Ob Sie zum ersten Mal zu uns kommen oder uns bereits seit vielen Jahren Ihr Vertrauen schenken \u2013 bei uns sind Sie von Herzen willkommen. Wir m\u00f6chten, dass Sie sich vom ersten Moment an gut aufgehoben f\u00fchlen und unsere Praxis als einen Ort erleben, an dem Sie mit einem guten Gef\u00fchl ankommen d\u00fcrfen.<\/p>\n<p data-start=\"382\" data-end=\"707\">Mit viel Engagement und Freude setzen wir uns f\u00fcr Ihre Zahngesundheit ein. Unser Ziel ist es, Menschen jeden Alters langfristig zu begleiten und gemeinsam die bestm\u00f6gliche L\u00f6sung f\u00fcr gesunde, sch\u00f6ne Z\u00e4hne zu finden. Dabei verbinden wir fachliche Kompetenz mit moderner Zahnmedizin sowie einem Blick f\u00fcr \u00c4sthetik und Funktion.<\/p>\n<p data-start=\"709\" data-end=\"981\">Besonders wichtig ist uns eine pers\u00f6nliche und vertrauensvolle Betreuung. In ruhiger und angenehmer Atmosph\u00e4re nehmen wir uns Zeit f\u00fcr Ihre Fragen und Anliegen. Wir beraten Sie offen, verst\u00e4ndlich und transparent, damit Sie sich jederzeit sicher und gut informiert f\u00fchlen.<\/p>\n<p data-start=\"983\" data-end=\"1133\">Gerne vereinbaren wir mit Ihnen einen Termin f\u00fcr eine zahn\u00e4rztliche Untersuchung, eine Behandlung oder f\u00fcr Ihre Dentalhygiene \u2013 am besten telefonisch.<\/p>\n<p>&nbsp;<\/p>\n<p data-start=\"1135\" data-end=\"1220\">Wir freuen uns sehr darauf, Sie bald pers\u00f6nlich in unserer Praxis begr\u00fcssen zu d\u00fcrfen.<\/p>\n<p>&nbsp;<\/p>\n<p data-start=\"1135\" data-end=\"1220\">\n  <strong>Dres. med. dent. Veera Laederach, Barbara Baumann-Roth, Kevin Haid und Nadine Michal-Rohrer &#038; Team<\/strong>\n<\/p>\n<p>&nbsp;<br \/>\n&nbsp;<\/p>\n<p><em><strong>Mitglied<br \/>\n<\/strong><\/em><img decoding=\"async\" class=\"wp-image-231 size-medium alignleft\" src=\"https:\/\/zahnarztpraxis-laederach.ch\/wp-content\/uploads\/2024\/01\/SSO_Logo_horizontal_RGB_300ppi-300x45.png\" alt=\"\" width=\"300\" height=\"45\" srcset=\"https:\/\/zahnarztpraxis-laederach.ch\/wp-content\/uploads\/2024\/01\/SSO_Logo_horizontal_RGB_300ppi-300x45.png 300w, https:\/\/zahnarztpraxis-laederach.ch\/wp-content\/uploads\/2024\/01\/SSO_Logo_horizontal_RGB_300ppi-1024x155.png 1024w\" sizes=\"(max-width: 300px) 100vw, 300px\" \/><\/p>\n","protected":false},"excerpt":{"rendered":"<p>WIR BEGR\u00dcSSEN SIE HERZLICH IN UNSERER GANZHEITLICHEN FAMILIENZAHNARZTPRAXIS BEIM SCH\u00dcTZENMATTPARK IN BASEL &nbsp; Ob Sie zum ersten Mal zu uns kommen oder uns bereits seit vielen Jahren Ihr Vertrauen schenken \u2013 bei uns sind Sie von Herzen willkommen. Wir m\u00f6chten, dass Sie sich vom ersten Moment an gut aufgehoben f\u00fchlen und unsere Praxis als einen <a href=\"https:\/\/zahnarztpraxis-laederach.ch\/\" class=\"more-link\">&#8230;<span class=\"screen-reader-text\">  PRAXIS<\/span><\/a><\/p>\n","protected":false},"author":1,"featured_media":560,"parent":0,"menu_order":0,"comment_status":"closed","ping_status":"closed","template":"","meta":{"inline_featured_image":false,"footnotes":""},"class_list":["post-11","page","type-page","status-publish","has-post-thumbnail","hentry"],"acf":[],"_links":{"self":[{"href":"https:\/\/zahnarztpraxis-laederach.ch\/index.php?rest_route=\/wp\/v2\/pages\/11","targetHints":{"allow":["GET"]}}],"collection":[{"href":"https:\/\/zahnarztpraxis-laederach.ch\/index.php?rest_route=\/wp\/v2\/pages"}],"about":[{"href":"https:\/\/zahnarztpraxis-laederach.ch\/index.php?rest_route=\/wp\/v2\/types\/page"}],"author":[{"embeddable":true,"href":"https:\/\/zahnarztpraxis-laederach.ch\/index.php?rest_route=\/wp\/v2\/users\/1"}],"replies":[{"embeddable":true,"href":"https:\/\/zahnarztpraxis-laederach.ch\/index.php?rest_route=%2Fwp%2Fv2%2Fcomments&post=11"}],"version-history":[{"count":68,"href":"https:\/\/zahnarztpraxis-laederach.ch\/index.php?rest_route=\/wp\/v2\/pages\/11\/revisions"}],"predecessor-version":[{"id":661,"href":"https:\/\/zahnarztpraxis-laederach.ch\/index.php?rest_route=\/wp\/v2\/pages\/11\/revisions\/661"}],"wp:featuredmedia":[{"embeddable":true,"href":"https:\/\/zahnarztpraxis-laederach.ch\/index.php?rest_route=\/wp\/v2\/media\/560"}],"wp:attachment":[{"href":"https:\/\/zahnarztpraxis-laederach.ch\/index.php?rest_route=%2Fwp%2Fv2%2Fmedia&parent=11"}],"curies":[{"name":"wp","href":"https:\/\/api.w.org\/{rel}","templated":true}]}}