{"id":46,"date":"2024-01-18T16:53:43","date_gmt":"2024-01-18T15:53:43","guid":{"rendered":"https:\/\/zahnarztpraxis-laederach.ch\/?page_id=46"},"modified":"2024-11-25T00:38:33","modified_gmt":"2024-11-24T23:38:33","slug":"schienentherapien","status":"publish","type":"page","link":"https:\/\/zahnarztpraxis-laederach.ch\/?page_id=46","title":{"rendered":"SCHIENENTHERAPIEN"},"content":{"rendered":"<h1><img decoding=\"async\" class=\"alignnone wp-image-132\" src=\"https:\/\/zahnarztpraxis-laederach.ch\/wp-content\/uploads\/2024\/01\/Adult-Front-Top-Bottom-on-White-Large-e1635426911792-300x147.png\" alt=\"\" width=\"382\" height=\"187\" srcset=\"https:\/\/zahnarztpraxis-laederach.ch\/wp-content\/uploads\/2024\/01\/Adult-Front-Top-Bottom-on-White-Large-e1635426911792-300x147.png 300w, https:\/\/zahnarztpraxis-laederach.ch\/wp-content\/uploads\/2024\/01\/Adult-Front-Top-Bottom-on-White-Large-e1635426911792-1024x502.png 1024w\" sizes=\"(max-width: 382px) 100vw, 382px\" \/><\/h1>\n<h1>KNIRSCHSCHIENEN<\/h1>\n<p>Diverse Schienentherapiem\u00f6glichkeiten bei unterschiedlichsten Problematiken und zur Prophylaxe k\u00f6nnen wir Ihnen anbieten. Sei es die bew\u00e4hrte Michiganschiene bei Z\u00e4hneknirschen oder Keifermuskelverspannungsschmerzen, oder die NTi Schiene, eine innovative L\u00f6sung zur effektiven Behandlung von Zahn- und Kiefergelenkproblemen. Wir setzen auf modernste Technologie, um ma\u00dfgefertigte Schienen anzubieten. Diese minimalinvasiven Schienen erm\u00f6glichen eine pr\u00e4zise Anpassung der Bisslage, reduzieren effektiv Bruxismus (Z\u00e4hneknirschen) und verbessern das Gleichgewicht im Kiefergelenk.<\/p>\n<h1><\/h1>\n<h1><\/h1>\n<h1>SCHNARCHSCHIENE<\/h1>\n<p>Entdecken Sie die M\u00f6glichkeiten einer Schnarchschienen \u2013 eine innovative L\u00f6sung f\u00fcr erholsamen Schlaf.<br \/>\nDiese individuell angepassten Schienen bieten effektive Behandlungsm\u00f6glichkeiten bei Schnarch- und Schlafapnoebeschwerden. Diese Technologie erm\u00f6glicht eine freie Atemwegspassage, um u.a. st\u00f6renden Schnarchger\u00e4uschen entgegenzuwirken.<br \/>\nErfahren Sie, wie unsere Schienen zu ruhigen N\u00e4chten und verbessertem Wohlbefinden f\u00fchren.<\/p>\n<h1><\/h1>\n<h1><\/h1>\n<h1>FLUORIDIERUNGSSCHIENE<\/h1>\n<p>Entdecken Sie die Vorteile einer Fluoridierungsschienen unter anderem auch im Zusammenhang mit Mundtrockenheit. Unsere ma\u00dfgefertigten Schienen bieten eine gezielte Fluoridabgabe f\u00fcr den Schutz Ihrer Z\u00e4hne. Effektiv und komfortabel st\u00e4rken sie den Zahnschmelz, reduzieren Kariesrisiken und f\u00f6rdern die Mundgesundheit. Erfahren Sie mehr \u00fcber diese pr\u00e4ventive Ma\u00dfnahme f\u00fcr strahlend gesunde Z\u00e4hne.<\/p>\n<p>&nbsp;<\/p>\n","protected":false},"excerpt":{"rendered":"<p>KNIRSCHSCHIENEN Diverse Schienentherapiem\u00f6glichkeiten bei unterschiedlichsten Problematiken und zur Prophylaxe k\u00f6nnen wir Ihnen anbieten. Sei es die bew\u00e4hrte Michiganschiene bei Z\u00e4hneknirschen oder Keifermuskelverspannungsschmerzen, oder die NTi Schiene, eine innovative L\u00f6sung zur effektiven Behandlung von Zahn- und Kiefergelenkproblemen. Wir setzen auf modernste Technologie, um ma\u00dfgefertigte Schienen anzubieten. Diese minimalinvasiven Schienen erm\u00f6glichen eine pr\u00e4zise Anpassung der Bisslage, reduzieren <a href=\"https:\/\/zahnarztpraxis-laederach.ch\/?page_id=46\" class=\"more-link\">&#8230;<span class=\"screen-reader-text\">  SCHIENENTHERAPIEN<\/span><\/a><\/p>\n","protected":false},"author":1,"featured_media":0,"parent":0,"menu_order":0,"comment_status":"closed","ping_status":"closed","template":"","meta":{"inline_featured_image":false,"footnotes":""},"class_list":["post-46","page","type-page","status-publish","hentry"],"acf":[],"_links":{"self":[{"href":"https:\/\/zahnarztpraxis-laederach.ch\/index.php?rest_route=\/wp\/v2\/pages\/46","targetHints":{"allow":["GET"]}}],"collection":[{"href":"https:\/\/zahnarztpraxis-laederach.ch\/index.php?rest_route=\/wp\/v2\/pages"}],"about":[{"href":"https:\/\/zahnarztpraxis-laederach.ch\/index.php?rest_route=\/wp\/v2\/types\/page"}],"author":[{"embeddable":true,"href":"https:\/\/zahnarztpraxis-laederach.ch\/index.php?rest_route=\/wp\/v2\/users\/1"}],"replies":[{"embeddable":true,"href":"https:\/\/zahnarztpraxis-laederach.ch\/index.php?rest_route=%2Fwp%2Fv2%2Fcomments&post=46"}],"version-history":[{"count":14,"href":"https:\/\/zahnarztpraxis-laederach.ch\/index.php?rest_route=\/wp\/v2\/pages\/46\/revisions"}],"predecessor-version":[{"id":507,"href":"https:\/\/zahnarztpraxis-laederach.ch\/index.php?rest_route=\/wp\/v2\/pages\/46\/revisions\/507"}],"wp:attachment":[{"href":"https:\/\/zahnarztpraxis-laederach.ch\/index.php?rest_route=%2Fwp%2Fv2%2Fmedia&parent=46"}],"curies":[{"name":"wp","href":"https:\/\/api.w.org\/{rel}","templated":true}]}}