{"id":94,"date":"2024-01-19T12:52:03","date_gmt":"2024-01-19T11:52:03","guid":{"rendered":"https:\/\/zahnarztpraxis-laederach.ch\/?page_id=94"},"modified":"2024-01-21T23:55:54","modified_gmt":"2024-01-21T22:55:54","slug":"chirurgie","status":"publish","type":"page","link":"https:\/\/zahnarztpraxis-laederach.ch\/?page_id=94","title":{"rendered":"CHIRURGIE"},"content":{"rendered":"<h1>Chirurgie<\/h1>\n<p>Unsere Zahn\u00e4rztinnen bieten eine breite Palette an chirurgischen Eingriffen, von Weisheitszahnentfernungen bis zu Implantationen. Dank modernster Technologien und einem einf\u00fchlsamen Team garantieren wir pr\u00e4zise und schmerzfreie Behandlungen. Wir legen gro\u00dfen Wert auf individuelle Patientenbetreuung und setzen fortschrittliche Verfahren ein, um optimale Ergebnisse zu erzielen.<\/p>\n<p>&nbsp;<\/p>\n","protected":false},"excerpt":{"rendered":"<p>Chirurgie Unsere Zahn\u00e4rztinnen bieten eine breite Palette an chirurgischen Eingriffen, von Weisheitszahnentfernungen bis zu Implantationen. Dank modernster Technologien und einem einf\u00fchlsamen Team garantieren wir pr\u00e4zise und schmerzfreie Behandlungen. Wir legen gro\u00dfen Wert auf individuelle Patientenbetreuung und setzen fortschrittliche Verfahren ein, um optimale Ergebnisse zu erzielen. &nbsp;<\/p>\n","protected":false},"author":1,"featured_media":96,"parent":0,"menu_order":0,"comment_status":"closed","ping_status":"closed","template":"","meta":{"inline_featured_image":false,"footnotes":""},"class_list":["post-94","page","type-page","status-publish","has-post-thumbnail","hentry"],"acf":[],"_links":{"self":[{"href":"https:\/\/zahnarztpraxis-laederach.ch\/index.php?rest_route=\/wp\/v2\/pages\/94","targetHints":{"allow":["GET"]}}],"collection":[{"href":"https:\/\/zahnarztpraxis-laederach.ch\/index.php?rest_route=\/wp\/v2\/pages"}],"about":[{"href":"https:\/\/zahnarztpraxis-laederach.ch\/index.php?rest_route=\/wp\/v2\/types\/page"}],"author":[{"embeddable":true,"href":"https:\/\/zahnarztpraxis-laederach.ch\/index.php?rest_route=\/wp\/v2\/users\/1"}],"replies":[{"embeddable":true,"href":"https:\/\/zahnarztpraxis-laederach.ch\/index.php?rest_route=%2Fwp%2Fv2%2Fcomments&post=94"}],"version-history":[{"count":4,"href":"https:\/\/zahnarztpraxis-laederach.ch\/index.php?rest_route=\/wp\/v2\/pages\/94\/revisions"}],"predecessor-version":[{"id":342,"href":"https:\/\/zahnarztpraxis-laederach.ch\/index.php?rest_route=\/wp\/v2\/pages\/94\/revisions\/342"}],"wp:featuredmedia":[{"embeddable":true,"href":"https:\/\/zahnarztpraxis-laederach.ch\/index.php?rest_route=\/wp\/v2\/media\/96"}],"wp:attachment":[{"href":"https:\/\/zahnarztpraxis-laederach.ch\/index.php?rest_route=%2Fwp%2Fv2%2Fmedia&parent=94"}],"curies":[{"name":"wp","href":"https:\/\/api.w.org\/{rel}","templated":true}]}}